{"id":1522,"date":"2026-02-24T12:06:44","date_gmt":"2026-02-24T11:06:44","guid":{"rendered":"https:\/\/lubielegnice.pl\/?page_id=1522"},"modified":"2026-02-25T09:58:39","modified_gmt":"2026-02-25T08:58:39","slug":"stypendia","status":"publish","type":"page","link":"https:\/\/lubielegnice.pl\/index.php\/stypendia\/","title":{"rendered":"Stypendia"},"content":{"rendered":"\t\t<div data-elementor-type=\"wp-page\" data-elementor-id=\"1522\" class=\"elementor elementor-1522\" data-elementor-post-type=\"page\">\n\t\t\t\t<div class=\"elementor-element elementor-element-2c052cf e-flex e-con-boxed e-con e-parent\" data-id=\"2c052cf\" data-element_type=\"container\" data-e-type=\"container\">\n\t\t\t\t\t<div class=\"e-con-inner\">\n\t\t\t\t<div class=\"elementor-element elementor-element-40c8608 elementor-widget elementor-widget-heading\" data-id=\"40c8608\" data-element_type=\"widget\" data-e-type=\"widget\" data-widget_type=\"heading.default\">\n\t\t\t\t\t<h2 class=\"elementor-heading-title elementor-size-default\">Inwestujemy w przysz\u0142o\u015b\u0107 Legnicy. Wesprzyj m\u0142ode talenty!<\/h2>\t\t\t\t<\/div>\n\t\t\t\t<div class=\"elementor-element elementor-element-47aba4d elementor-widget elementor-widget-text-editor\" data-id=\"47aba4d\" data-element_type=\"widget\" data-e-type=\"widget\" data-widget_type=\"text-editor.default\">\n\t\t\t\t\t\t\t\t\t<p>Wierzymy, \u017ce najwi\u0119kszym kapita\u0142em naszego miasta s\u0105 jego mieszka\u0144cy. Dlatego powo\u0142ujemy Fundusz Stypendialny \u201eLubi\u0119 Legnic\u0119\u201d. Zbieramy \u015brodki, aby pom\u00f3c najzdolniejszym m\u0142odym legniczanom w rozwijaniu ich pasji, prze\u0142amywaniu barier finansowych i osi\u0105ganiu wielkich cel\u00f3w. Razem mo\u017cemy zatrzyma\u0107 ten potencja\u0142 w naszym mie\u015bcie!<\/p>\t\t\t\t\t\t\t\t<\/div>\n\t\t\t\t<div class=\"elementor-element elementor-element-09ce23b elementor-widget elementor-widget-heading\" data-id=\"09ce23b\" data-element_type=\"widget\" data-e-type=\"widget\" data-widget_type=\"heading.default\">\n\t\t\t\t\t<h2 class=\"elementor-heading-title elementor-size-default\">4 filary legnickiego talentu. Kogo szukamy?<\/h2>\t\t\t\t<\/div>\n\t\t\t\t<div class=\"elementor-element elementor-element-0d9d916 elementor-widget elementor-widget-text-editor\" data-id=\"0d9d916\" data-element_type=\"widget\" data-e-type=\"widget\" data-widget_type=\"text-editor.default\">\n\t\t\t\t\t\t\t\t\t<p>Co roku nagrodzimy wybitne m\u0142ode osoby w czterech kluczowych kategoriach:<\/p>\t\t\t\t\t\t\t\t<\/div>\n\t\t\t\t\t<\/div>\n\t\t\t\t<\/div>\n\t\t<div class=\"elementor-element elementor-element-fef2064 e-flex e-con-boxed e-con e-parent\" data-id=\"fef2064\" data-element_type=\"container\" data-e-type=\"container\">\n\t\t\t\t\t<div class=\"e-con-inner\">\n\t\t<div class=\"elementor-element elementor-element-1f98bb2 e-con-full e-flex e-con e-child\" data-id=\"1f98bb2\" data-element_type=\"container\" data-e-type=\"container\">\n\t\t\t\t<div class=\"elementor-element elementor-element-ff6f3f8 elementor-widget elementor-widget-image\" data-id=\"ff6f3f8\" data-element_type=\"widget\" data-e-type=\"widget\" data-widget_type=\"image.default\">\n\t\t\t\t\t\t\t\t\t\t\t\t\t\t\t<img fetchpriority=\"high\" decoding=\"async\" width=\"1024\" height=\"683\" src=\"https:\/\/lubielegnice.pl\/wp-content\/uploads\/2026\/02\/pexels-photo-8471939-1024x683.jpeg\" class=\"attachment-large size-large wp-image-1525\" alt=\"\" srcset=\"https:\/\/lubielegnice.pl\/wp-content\/uploads\/2026\/02\/pexels-photo-8471939-1024x683.jpeg 1024w, https:\/\/lubielegnice.pl\/wp-content\/uploads\/2026\/02\/pexels-photo-8471939-600x400.jpeg 600w, https:\/\/lubielegnice.pl\/wp-content\/uploads\/2026\/02\/pexels-photo-8471939-300x200.jpeg 300w, https:\/\/lubielegnice.pl\/wp-content\/uploads\/2026\/02\/pexels-photo-8471939-768x512.jpeg 768w, https:\/\/lubielegnice.pl\/wp-content\/uploads\/2026\/02\/pexels-photo-8471939.jpeg 1125w\" sizes=\"(max-width: 1024px) 100vw, 1024px\" \/>\t\t\t\t\t\t\t\t\t\t\t\t\t\t\t<\/div>\n\t\t\t\t<\/div>\n\t\t<div class=\"elementor-element elementor-element-3cdf1dc e-con-full e-flex e-con e-child\" data-id=\"3cdf1dc\" data-element_type=\"container\" data-e-type=\"container\">\n\t\t\t\t<div class=\"elementor-element elementor-element-65d527a elementor-widget elementor-widget-text-editor\" data-id=\"65d527a\" data-element_type=\"widget\" data-e-type=\"widget\" data-widget_type=\"text-editor.default\">\n\t\t\t\t\t\t\t\t\t<h4 data-path-to-node=\"4\">\ud83d\udd2c Kategoria: NAUKA I INNOWACJE<\/h4><ul data-path-to-node=\"5\"><li><p data-path-to-node=\"5,0,0\"><b data-path-to-node=\"5,0,0\" data-index-in-node=\"0\">Dla kogo:<\/b> Laureaci olimpiad przedmiotowych, pasjonaci robotyki, programowania, astronomii, ale te\u017c wybitni humani\u015bci i m\u0142odzi badacze historii Legnicy.<\/p><\/li><li><p data-path-to-node=\"5,1,0\"><b data-path-to-node=\"5,1,0\" data-index-in-node=\"0\">Na co mo\u017cna przeznaczy\u0107 stypendium:<\/b> Zakup specjalistycznego sprz\u0119tu (np. mikroskop, podzespo\u0142y do budowy robota, oprogramowanie badawcze), udzia\u0142 w letnich szko\u0142ach naukowych, kursach programowania, czy sfinansowanie wyjazdu na presti\u017cow\u0105 konferencj\u0119 lub mi\u0119dzynarodowy konkurs.<\/p><\/li><li><p data-path-to-node=\"5,2,0\"><b data-path-to-node=\"5,2,0\" data-index-in-node=\"0\">Czego szukamy w kandydatach:<\/b> G\u0142odu wiedzy, nieszablonowego my\u015blenia i ambitnych projekt\u00f3w, kt\u00f3re wykraczaj\u0105 poza standardowy program szkolny.<\/p><\/li><\/ul>\t\t\t\t\t\t\t\t<\/div>\n\t\t\t\t<\/div>\n\t\t\t\t\t<\/div>\n\t\t\t\t<\/div>\n\t\t<div class=\"elementor-element elementor-element-f09050a e-flex e-con-boxed e-con e-parent\" data-id=\"f09050a\" data-element_type=\"container\" data-e-type=\"container\">\n\t\t\t\t\t<div class=\"e-con-inner\">\n\t\t<div class=\"elementor-element elementor-element-1ac0694 e-con-full e-flex e-con e-child\" data-id=\"1ac0694\" data-element_type=\"container\" data-e-type=\"container\">\n\t\t\t\t<div class=\"elementor-element elementor-element-7198508 elementor-widget elementor-widget-text-editor\" data-id=\"7198508\" data-element_type=\"widget\" data-e-type=\"widget\" data-widget_type=\"text-editor.default\">\n\t\t\t\t\t\t\t\t\t<h4 data-path-to-node=\"6\">\ud83c\udfc6 Kategoria: SPORT I RYWALIZACJA<\/h4><ul data-path-to-node=\"7\"><li><p data-path-to-node=\"7,0,0\"><b data-path-to-node=\"7,0,0\" data-index-in-node=\"0\">Dla kogo:<\/b> Zawodnicy trenuj\u0105cy w legnickich klubach (zar\u00f3wno w sportach indywidualnych, jak i zespo\u0142owych), medali\u015bci zawod\u00f3w wojew\u00f3dzkich, og\u00f3lnopolskich lub mi\u0119dzynarodowych, kt\u00f3rym brakuje funduszy na wej\u015bcie na wy\u017cszy poziom.<\/p><\/li><li><p data-path-to-node=\"7,1,0\"><b data-path-to-node=\"7,1,0\" data-index-in-node=\"0\">Na co mo\u017cna przeznaczy\u0107 stypendium:<\/b> Zakup profesjonalnego, dedykowanego sprz\u0119tu sportowego, op\u0142acenie specjalistycznych oboz\u00f3w kondycyjnych, koszty dojazd\u00f3w na wa\u017cne zawody, prywatn\u0105 opiek\u0119 fizjoterapeutyczn\u0105 lub dietetyczn\u0105, a tak\u017ce wpisowe na zagraniczne turnieje.<\/p><\/li><li><p data-path-to-node=\"7,2,0\"><b data-path-to-node=\"7,2,0\" data-index-in-node=\"0\">Czego szukamy w kandydatach:<\/b> Wytrwa\u0142o\u015bci, ducha fair play, udokumentowanych post\u0119p\u00f3w i jasnego planu treningowego na kolejne sezony.<\/p><\/li><\/ul>\t\t\t\t\t\t\t\t<\/div>\n\t\t\t\t<\/div>\n\t\t<div class=\"elementor-element elementor-element-4c466a6 e-con-full e-flex e-con e-child\" data-id=\"4c466a6\" data-element_type=\"container\" data-e-type=\"container\">\n\t\t\t\t<div class=\"elementor-element elementor-element-30848de elementor-widget elementor-widget-image\" data-id=\"30848de\" data-element_type=\"widget\" data-e-type=\"widget\" data-widget_type=\"image.default\">\n\t\t\t\t\t\t\t\t\t\t\t\t\t\t\t<img decoding=\"async\" width=\"1024\" height=\"700\" src=\"https:\/\/lubielegnice.pl\/wp-content\/uploads\/2026\/02\/1673240588789.jpg\" class=\"attachment-large size-large wp-image-1526\" alt=\"\" srcset=\"https:\/\/lubielegnice.pl\/wp-content\/uploads\/2026\/02\/1673240588789.jpg 1024w, https:\/\/lubielegnice.pl\/wp-content\/uploads\/2026\/02\/1673240588789-600x410.jpg 600w, https:\/\/lubielegnice.pl\/wp-content\/uploads\/2026\/02\/1673240588789-300x205.jpg 300w, https:\/\/lubielegnice.pl\/wp-content\/uploads\/2026\/02\/1673240588789-768x525.jpg 768w\" sizes=\"(max-width: 1024px) 100vw, 1024px\" \/>\t\t\t\t\t\t\t\t\t\t\t\t\t\t\t<\/div>\n\t\t\t\t<\/div>\n\t\t\t\t\t<\/div>\n\t\t\t\t<\/div>\n\t\t<div class=\"elementor-element elementor-element-7ac1ca0 e-flex e-con-boxed e-con e-parent\" data-id=\"7ac1ca0\" data-element_type=\"container\" data-e-type=\"container\">\n\t\t\t\t\t<div class=\"e-con-inner\">\n\t\t<div class=\"elementor-element elementor-element-e4ad4e4 e-con-full e-flex e-con e-child\" data-id=\"e4ad4e4\" data-element_type=\"container\" data-e-type=\"container\">\n\t\t\t\t<div class=\"elementor-element elementor-element-432b0db elementor-widget elementor-widget-image\" data-id=\"432b0db\" data-element_type=\"widget\" data-e-type=\"widget\" data-widget_type=\"image.default\">\n\t\t\t\t\t\t\t\t\t\t\t\t\t\t\t<img decoding=\"async\" width=\"600\" height=\"400\" src=\"https:\/\/lubielegnice.pl\/wp-content\/uploads\/2026\/02\/pottery-for-kids_600x600.webp\" class=\"attachment-large size-large wp-image-1527\" alt=\"\" srcset=\"https:\/\/lubielegnice.pl\/wp-content\/uploads\/2026\/02\/pottery-for-kids_600x600.webp 600w, https:\/\/lubielegnice.pl\/wp-content\/uploads\/2026\/02\/pottery-for-kids_600x600-300x200.webp 300w\" sizes=\"(max-width: 600px) 100vw, 600px\" \/>\t\t\t\t\t\t\t\t\t\t\t\t\t\t\t<\/div>\n\t\t\t\t<\/div>\n\t\t<div class=\"elementor-element elementor-element-5d67b40 e-con-full e-flex e-con e-child\" data-id=\"5d67b40\" data-element_type=\"container\" data-e-type=\"container\">\n\t\t\t\t<div class=\"elementor-element elementor-element-97eb84f elementor-widget elementor-widget-text-editor\" data-id=\"97eb84f\" data-element_type=\"widget\" data-e-type=\"widget\" data-widget_type=\"text-editor.default\">\n\t\t\t\t\t\t\t\t\t<h4 data-path-to-node=\"8\">\ud83c\udfa8 Kategoria: KULTURA I SZTUKA<\/h4><ul data-path-to-node=\"9\"><li><p data-path-to-node=\"9,0,0\"><b data-path-to-node=\"9,0,0\" data-index-in-node=\"0\">Dla kogo:<\/b> M\u0142odzi muzycy, wokali\u015bci, tancerze, aktorzy, pisarze, malarze, rze\u017abiarze, a tak\u017ce tw\u00f3rcy cyfrowi (grafika 3D, film, fotografia) silnie zwi\u0105zani z Legnic\u0105.<\/p><\/li><li><p data-path-to-node=\"9,1,0\"><b data-path-to-node=\"9,1,0\" data-index-in-node=\"0\">Na co mo\u017cna przeznaczy\u0107 stypendium:<\/b> Zakup wymarzonego instrumentu muzycznego lub profesjonalnych materia\u0142\u00f3w plastycznych, sfinansowanie udzia\u0142u w warsztatach mistrzowskich (masterclass), op\u0142acenie godzin w studiu nagraniowym, wydanie debiutanckiego tomiku poezji lub organizacj\u0119 pierwszej autorskiej wystawy w mie\u015bcie.<\/p><\/li><li><p data-path-to-node=\"9,2,0\"><b data-path-to-node=\"9,2,0\" data-index-in-node=\"0\">Czego szukamy w kandydatach:<\/b> Unikalnego g\u0142osu, kreatywno\u015bci, wra\u017cliwo\u015bci artystycznej i ch\u0119ci dzielenia si\u0119 swoim talentem z mieszka\u0144cami naszego miasta.<\/p><\/li><\/ul>\t\t\t\t\t\t\t\t<\/div>\n\t\t\t\t<\/div>\n\t\t\t\t\t<\/div>\n\t\t\t\t<\/div>\n\t\t<div class=\"elementor-element elementor-element-acd7544 e-flex e-con-boxed e-con e-parent\" data-id=\"acd7544\" data-element_type=\"container\" data-e-type=\"container\">\n\t\t\t\t\t<div class=\"e-con-inner\">\n\t\t<div class=\"elementor-element elementor-element-0667701 e-con-full e-flex e-con e-child\" data-id=\"0667701\" data-element_type=\"container\" data-e-type=\"container\">\n\t\t\t\t<div class=\"elementor-element elementor-element-d2a2def elementor-widget elementor-widget-text-editor\" data-id=\"d2a2def\" data-element_type=\"widget\" data-e-type=\"widget\" data-widget_type=\"text-editor.default\">\n\t\t\t\t\t\t\t\t\t<h4 data-path-to-node=\"10\">\ud83e\udd1d Kategoria: SPO\u0141ECZNO\u015a\u0106 I AKTYWIZM<\/h4><ul data-path-to-node=\"11\"><li><p data-path-to-node=\"11,0,0\"><b data-path-to-node=\"11,0,0\" data-index-in-node=\"0\">Dla kogo:<\/b> Niez\u0142omni wolontariusze, harcerze, m\u0142odzie\u017cowi radni, inicjatorzy akcji charytatywnych, ekologicznych lub s\u0105siedzkich. M\u0142odzi ludzie, kt\u00f3rzy nie przechodz\u0105 oboj\u0119tnie obok problem\u00f3w innych.<\/p><\/li><li><p data-path-to-node=\"11,1,0\"><b data-path-to-node=\"11,1,0\" data-index-in-node=\"0\">Na co mo\u017cna przeznaczy\u0107 stypendium:<\/b> Cz\u0119\u015b\u0107 \u015brodk\u00f3w mo\u017ce pos\u0142u\u017cy\u0107 do sfinansowania w\u0142asnego, autorskiego projektu spo\u0142ecznego na terenie Legnicy (np. renowacja podw\u00f3rka, organizacja zaj\u0119\u0107 dla senior\u00f3w czy dzieci z trudnych \u015brodowisk). Pozosta\u0142a cz\u0119\u015b\u0107 mo\u017ce pokry\u0107 udzia\u0142 w profesjonalnych szkoleniach z zakresu bycia liderem, zarz\u0105dzania projektami lub psychologii, co pozwoli stypendy\u015bcie jeszcze skuteczniej pomaga\u0107 innym.<\/p><\/li><li><p data-path-to-node=\"11,2,0\"><b data-path-to-node=\"11,2,0\" data-index-in-node=\"0\">Czego szukamy w kandydatach:<\/b> Empatii, ponadprzeci\u0119tnych zdolno\u015bci organizacyjnych, udokumentowanej historii dzia\u0142a\u0144 spo\u0142ecznych i konkretnego pomys\u0142u na to, jak stypendium przys\u0142u\u017cy si\u0119 legnickiej spo\u0142eczno\u015bci.<\/p><\/li><\/ul>\t\t\t\t\t\t\t\t<\/div>\n\t\t\t\t<\/div>\n\t\t<div class=\"elementor-element elementor-element-cf59bdf e-con-full e-flex e-con e-child\" data-id=\"cf59bdf\" data-element_type=\"container\" data-e-type=\"container\">\n\t\t\t\t<div class=\"elementor-element elementor-element-ef6a345 elementor-widget elementor-widget-image\" data-id=\"ef6a345\" data-element_type=\"widget\" data-e-type=\"widget\" data-widget_type=\"image.default\">\n\t\t\t\t\t\t\t\t\t\t\t\t\t\t\t<img loading=\"lazy\" decoding=\"async\" width=\"450\" height=\"300\" src=\"https:\/\/lubielegnice.pl\/wp-content\/uploads\/2026\/02\/46634489_s.jpg\" class=\"attachment-large size-large wp-image-1528\" alt=\"\" srcset=\"https:\/\/lubielegnice.pl\/wp-content\/uploads\/2026\/02\/46634489_s.jpg 450w, https:\/\/lubielegnice.pl\/wp-content\/uploads\/2026\/02\/46634489_s-300x200.jpg 300w\" sizes=\"(max-width: 450px) 100vw, 450px\" \/>\t\t\t\t\t\t\t\t\t\t\t\t\t\t\t<\/div>\n\t\t\t\t<\/div>\n\t\t\t\t\t<\/div>\n\t\t\t\t<\/div>\n\t\t<div class=\"elementor-element elementor-element-cbe15a3 e-flex e-con-boxed e-con e-parent\" data-id=\"cbe15a3\" data-element_type=\"container\" data-e-type=\"container\">\n\t\t\t\t\t<div class=\"e-con-inner\">\n\t\t\t\t<div class=\"elementor-element elementor-element-586e481 elementor-widget elementor-widget-heading\" data-id=\"586e481\" data-element_type=\"widget\" data-e-type=\"widget\" data-widget_type=\"heading.default\">\n\t\t\t\t\t<h2 class=\"elementor-heading-title elementor-size-default\">Zbudujmy to razem. Twoja wp\u0142ata ma ogromne znaczenie!<\/h2>\t\t\t\t<\/div>\n\t\t\t\t<div class=\"elementor-element elementor-element-cb4f2e5 elementor-widget elementor-widget-text-editor\" data-id=\"cb4f2e5\" data-element_type=\"widget\" data-e-type=\"widget\" data-widget_type=\"text-editor.default\">\n\t\t\t\t\t\t\t\t\t<p>Zdolna m\u0142odzie\u017c cz\u0119sto napotyka na szklany sufit w postaci braku funduszy na dalszy rozw\u00f3j. Chcemy to zmieni\u0107, ale potrzebujemy Twojej pomocy. Ka\u017cda, nawet najmniejsza wp\u0142ata\u00a0 zasila g\u0142\u00f3wn\u0105 pul\u0119 Funduszu. \u00a0Pozwoli to na ufundowanie pe\u0142nych stypendi\u00f3w dla 4 wyj\u0105tkowych os\u00f3b. Poka\u017cmy, \u017ce legniczanie potrafi\u0105 si\u0119 zjednoczy\u0107 wok\u00f3\u0142 dobrych spraw!<\/p>\t\t\t\t\t\t\t\t<\/div>\n\t\t\t\t<div class=\"elementor-element elementor-element-a860982 elementor-widget elementor-widget-heading\" data-id=\"a860982\" data-element_type=\"widget\" data-e-type=\"widget\" data-widget_type=\"heading.default\">\n\t\t\t\t\t<h2 class=\"elementor-heading-title elementor-size-default\">Masz talent i dzia\u0142asz w Legnicy? Czekamy na Ciebie!<\/h2>\t\t\t\t<\/div>\n\t\t\t\t<div class=\"elementor-element elementor-element-e81819b elementor-widget elementor-widget-text-editor\" data-id=\"e81819b\" data-element_type=\"widget\" data-e-type=\"widget\" data-widget_type=\"text-editor.default\">\n\t\t\t\t\t\t\t\t\t<p data-path-to-node=\"15\">Je\u015bli masz pasj\u0119, jasny cel na co przeznaczysz stypendium i chcesz si\u0119 rozwija\u0107 \u2013 zg\u0142o\u015b si\u0119 do nas. Poka\u017c nam, co potrafisz, i przekonaj Kapitu\u0142\u0119, \u017ce to w\u0142a\u015bnie Ty powiniene\u015b otrzyma\u0107 nasze wsparcie.<\/p><p data-path-to-node=\"16\"><b data-path-to-node=\"16\" data-index-in-node=\"0\">Proces w 3 krokach:<\/b><\/p><ol start=\"1\" data-path-to-node=\"17\"><li><p data-path-to-node=\"17,0,0\"><b data-path-to-node=\"17,0,0\" data-index-in-node=\"0\">Przygotuj zg\u0142oszenie:<\/b> Opisz swoje dotychczasowe osi\u0105gni\u0119cia i to, jak stypendium pomo\u017ce Ci rozwin\u0105\u0107 skrzyd\u0142a. Zdob\u0105d\u017a referencje (np. od trenera, nauczyciela lub opiekuna wolontariatu).<\/p><\/li><li><p data-path-to-node=\"17,1,0\"><b data-path-to-node=\"17,1,0\" data-index-in-node=\"0\">Wype\u0142nij formularz online<\/b><\/p><\/li><li><p data-path-to-node=\"17,2,0\"><b data-path-to-node=\"17,2,0\" data-index-in-node=\"0\">Czekaj na wyniki:<\/b> Po zamkni\u0119ciu zg\u0142osze\u0144, niezale\u017cna Kapitu\u0142a Konkursowa wybierze laureat\u00f3w.<\/p><\/li><\/ol>\t\t\t\t\t\t\t\t<\/div>\n\t\t\t\t<div class=\"elementor-element elementor-element-85ecdcf elementor-widget elementor-widget-heading\" data-id=\"85ecdcf\" data-element_type=\"widget\" data-e-type=\"widget\" data-widget_type=\"heading.default\">\n\t\t\t\t\t<h2 class=\"elementor-heading-title elementor-size-default\">Zosta\u0144 Mecenasem Legnickich Talent\u00f3w<\/h2>\t\t\t\t<\/div>\n\t\t\t\t<div class=\"elementor-element elementor-element-99df5cf elementor-widget elementor-widget-text-editor\" data-id=\"99df5cf\" data-element_type=\"widget\" data-e-type=\"widget\" data-widget_type=\"text-editor.default\">\n\t\t\t\t\t\t\t\t\t<p>Prowadzisz firm\u0119 w regionie? Zainwestuj w lokaln\u0105 m\u0142odzie\u017c i do\u0142\u0105cz do grona naszych Mecenas\u00f3w. Ufunduj pe\u0142ne stypendium w wybranej przez Ciebie kategorii i poka\u017c, \u017ce Tw\u00f3j biznes to co\u015b wi\u0119cej ni\u017c tylko zyski \u2013 to tak\u017ce odpowiedzialno\u015b\u0107 za rozw\u00f3j lokalnej spo\u0142eczno\u015bci.<\/p>\t\t\t\t\t\t\t\t<\/div>\n\t\t\t\t\t<\/div>\n\t\t\t\t<\/div>\n\t\t<div class=\"elementor-element elementor-element-efa9b34 e-flex e-con-boxed e-con e-parent\" data-id=\"efa9b34\" data-element_type=\"container\" data-e-type=\"container\">\n\t\t\t\t\t<div class=\"e-con-inner\">\n\t\t\t\t<div class=\"elementor-element elementor-element-30c9c6b elementor-skin-carousel elementor-arrows-yes elementor-pagination-type-bullets elementor-pagination-position-outside elementor-widget elementor-widget-media-carousel\" data-id=\"30c9c6b\" data-element_type=\"widget\" data-e-type=\"widget\" data-settings=\"{&quot;skin&quot;:&quot;carousel&quot;,&quot;effect&quot;:&quot;slide&quot;,&quot;show_arrows&quot;:&quot;yes&quot;,&quot;pagination&quot;:&quot;bullets&quot;,&quot;speed&quot;:500,&quot;autoplay&quot;:&quot;yes&quot;,&quot;autoplay_speed&quot;:5000,&quot;loop&quot;:&quot;yes&quot;,&quot;pause_on_hover&quot;:&quot;yes&quot;,&quot;pause_on_interaction&quot;:&quot;yes&quot;,&quot;space_between&quot;:{&quot;unit&quot;:&quot;px&quot;,&quot;size&quot;:10,&quot;sizes&quot;:[]},&quot;space_between_tablet&quot;:{&quot;unit&quot;:&quot;px&quot;,&quot;size&quot;:10,&quot;sizes&quot;:[]},&quot;space_between_mobile&quot;:{&quot;unit&quot;:&quot;px&quot;,&quot;size&quot;:10,&quot;sizes&quot;:[]}}\" data-widget_type=\"media-carousel.default\">\n\t\t\t\t\t\t\t\t\t\t<div class=\"elementor-main-swiper swiper\" role=\"region\" aria-roledescription=\"carousel\" aria-label=\"Slides\">\n\t\t\t\t<div class=\"swiper-wrapper\">\n\t\t\t\t\t\t\t\t\t\t\t<div class=\"swiper-slide\" role=\"group\" aria-roledescription=\"slide\">\n\t\t\t\t\t\t\t\t\t<div class=\"elementor-carousel-image\" role=\"img\" aria-label=\"\" style=\"background-image: url(&#039;https:\/\/lubielegnice.pl\/wp-content\/plugins\/elementor\/assets\/images\/placeholder.png&#039;)\">\n\n\t\t\t\n\t\t\t\t\t<\/div>\n\t\t\t\t\t\t\t\t<\/div>\n\t\t\t\t\t\t\t\t\t\t\t<div class=\"swiper-slide\" role=\"group\" aria-roledescription=\"slide\">\n\t\t\t\t\t\t\t\t\t<div class=\"elementor-carousel-image\" role=\"img\" aria-label=\"\" style=\"background-image: url(&#039;https:\/\/lubielegnice.pl\/wp-content\/plugins\/elementor\/assets\/images\/placeholder.png&#039;)\">\n\n\t\t\t\n\t\t\t\t\t<\/div>\n\t\t\t\t\t\t\t\t<\/div>\n\t\t\t\t\t\t\t\t\t<\/div>\n\t\t\t\t\t\t\t\t\t\t\t\t\t\t\t<div class=\"elementor-swiper-button elementor-swiper-button-prev\" role=\"button\" tabindex=\"0\" aria-label=\"Previous\">\n\t\t\t\t\t\t\t<svg aria-hidden=\"true\" class=\"e-font-icon-svg e-eicon-chevron-left\" viewBox=\"0 0 1000 1000\" xmlns=\"http:\/\/www.w3.org\/2000\/svg\"><path d=\"M646 125C629 125 613 133 604 142L308 442C296 454 292 471 292 487 292 504 296 521 308 533L604 854C617 867 629 875 646 875 663 875 679 871 692 858 704 846 713 829 713 812 713 796 708 779 692 767L438 487 692 225C700 217 708 204 708 187 708 171 704 154 692 142 675 129 663 125 646 125Z\"><\/path><\/svg>\t\t\t\t\t\t<\/div>\n\t\t\t\t\t\t<div class=\"elementor-swiper-button elementor-swiper-button-next\" role=\"button\" tabindex=\"0\" aria-label=\"Next\">\n\t\t\t\t\t\t\t<svg aria-hidden=\"true\" class=\"e-font-icon-svg e-eicon-chevron-right\" viewBox=\"0 0 1000 1000\" xmlns=\"http:\/\/www.w3.org\/2000\/svg\"><path d=\"M696 533C708 521 713 504 713 487 713 471 708 454 696 446L400 146C388 133 375 125 354 125 338 125 325 129 313 142 300 154 292 171 292 187 292 204 296 221 308 233L563 492 304 771C292 783 288 800 288 817 288 833 296 850 308 863 321 871 338 875 354 875 371 875 388 867 400 854L696 533Z\"><\/path><\/svg>\t\t\t\t\t\t<\/div>\n\t\t\t\t\t\t\t\t\t\t\t\t\t\t\t\t<div class=\"swiper-pagination\"><\/div>\n\t\t\t\t\t\t\t\t\t\t\t\t<\/div>\n\t\t\t\t\t\t\t\t<\/div>\n\t\t\t\t\t<\/div>\n\t\t\t\t<\/div>\n\t\t\t\t<\/div>\n\t\t","protected":false},"excerpt":{"rendered":"<p>Inwestujemy w przysz\u0142o\u015b\u0107 Legnicy. Wesprzyj m\u0142ode talenty! Wierzymy, \u017ce najwi\u0119kszym kapita\u0142em naszego miasta s\u0105 jego mieszka\u0144cy. Dlatego powo\u0142ujemy Fundusz Stypendialny \u201eLubi\u0119 Legnic\u0119\u201d. Zbieramy \u015brodki, aby pom\u00f3c najzdolniejszym m\u0142odym legniczanom w<\/p>\n","protected":false},"author":1,"featured_media":0,"parent":0,"menu_order":0,"comment_status":"closed","ping_status":"closed","template":"","meta":{"_eb_attr":"","footnotes":""},"class_list":["post-1522","page","type-page","status-publish","hentry"],"_links":{"self":[{"href":"https:\/\/lubielegnice.pl\/index.php\/wp-json\/wp\/v2\/pages\/1522","targetHints":{"allow":["GET"]}}],"collection":[{"href":"https:\/\/lubielegnice.pl\/index.php\/wp-json\/wp\/v2\/pages"}],"about":[{"href":"https:\/\/lubielegnice.pl\/index.php\/wp-json\/wp\/v2\/types\/page"}],"author":[{"embeddable":true,"href":"https:\/\/lubielegnice.pl\/index.php\/wp-json\/wp\/v2\/users\/1"}],"replies":[{"embeddable":true,"href":"https:\/\/lubielegnice.pl\/index.php\/wp-json\/wp\/v2\/comments?post=1522"}],"version-history":[{"count":5,"href":"https:\/\/lubielegnice.pl\/index.php\/wp-json\/wp\/v2\/pages\/1522\/revisions"}],"predecessor-version":[{"id":1555,"href":"https:\/\/lubielegnice.pl\/index.php\/wp-json\/wp\/v2\/pages\/1522\/revisions\/1555"}],"wp:attachment":[{"href":"https:\/\/lubielegnice.pl\/index.php\/wp-json\/wp\/v2\/media?parent=1522"}],"curies":[{"name":"wp","href":"https:\/\/api.w.org\/{rel}","templated":true}]}}