{"id":1538,"date":"2026-02-24T15:13:47","date_gmt":"2026-02-24T14:13:47","guid":{"rendered":"https:\/\/lubielegnice.pl\/?post_type=product&#038;p=1538"},"modified":"2026-02-24T15:13:48","modified_gmt":"2026-02-24T14:13:48","slug":"kubek-zamek-piastowski-legnica","status":"publish","type":"product","link":"https:\/\/lubielegnice.pl\/index.php\/product\/kubek-zamek-piastowski-legnica\/","title":{"rendered":"Kubek Zamek Piastowski \u2013 Legnica"},"content":{"rendered":"<p data-start=\"185\" data-end=\"452\">Minimalistyczna grafika przedstawiaj\u0105ca <strong data-start=\"225\" data-end=\"266\"><span class=\"hover:entity-accent entity-underline inline cursor-pointer align-baseline\"><span class=\"whitespace-normal\">Zamek Piastowski<\/span><\/span><\/strong> \u2013 jeden z najstarszych zamk\u00f3w w Polsce i symbol historii Legnicy. Projekt utrzymany w czarnej, wektorowej linii podkre\u015bla charakterystyczn\u0105 bry\u0142\u0119 zamku oraz jego \u015bredniowieczny rodow\u00f3d.<\/p>\n<p data-start=\"454\" data-end=\"681\">Prosta forma, brak t\u0142a i oszcz\u0119dna stylistyka sprawiaj\u0105, \u017ce grafika idealnie prezentuje si\u0119 na kubkach, koszulkach i plakatach. To doskona\u0142y wyb\u00f3r dla os\u00f3b ceni\u0105cych lokaln\u0105 to\u017csamo\u015b\u0107, histori\u0119 \u015al\u0105ska oraz elegancki minimalizm.<\/p>\n<p data-start=\"683\" data-end=\"702\"><strong data-start=\"683\" data-end=\"702\">Cechy produktu:<\/strong><\/p>\n<ul data-start=\"703\" data-end=\"856\">\n<li data-start=\"703\" data-end=\"748\">\n<p data-start=\"705\" data-end=\"748\">minimalistyczna, czarna grafika wektorowa<\/p>\n<\/li>\n<li data-start=\"749\" data-end=\"783\">\n<p data-start=\"751\" data-end=\"783\">ponadczasowy motyw historyczny<\/p>\n<\/li>\n<li data-start=\"784\" data-end=\"824\">\n<p data-start=\"786\" data-end=\"824\">projekt bez t\u0142a (idealny do nadruku)<\/p>\n<\/li>\n<li data-start=\"825\" data-end=\"856\">\n<p data-start=\"827\" data-end=\"856\">subtelny, nowoczesny design<\/p>\n<\/li>\n<\/ul>\n<p data-start=\"858\" data-end=\"924\">Idealny prezent dla mieszka\u0144ca Legnicy lub mi\u0142o\u015bnika architektury.<\/p>\n","protected":false},"excerpt":{"rendered":"<p>Minimalistyczna grafika przedstawiaj\u0105ca Zamek Piastowski \u2013 jeden z najstarszych zamk\u00f3w w Polsce i symbol historii Legnicy. Projekt utrzymany w czarnej, wektorowej linii podkre\u015bla charakterystyczn\u0105 bry\u0142\u0119 zamku oraz jego \u015bredniowieczny rodow\u00f3d.<\/p>\n","protected":false},"featured_media":1539,"comment_status":"open","ping_status":"closed","template":"","meta":{"_eb_attr":""},"product_brand":[],"product_cat":[46],"product_tag":[],"class_list":{"0":"post-1538","1":"product","2":"type-product","3":"status-publish","4":"has-post-thumbnail","6":"product_cat-gadzety","8":"first","9":"instock","10":"shipping-taxable","11":"purchasable","12":"product-type-simple"},"_links":{"self":[{"href":"https:\/\/lubielegnice.pl\/index.php\/wp-json\/wp\/v2\/product\/1538","targetHints":{"allow":["GET"]}}],"collection":[{"href":"https:\/\/lubielegnice.pl\/index.php\/wp-json\/wp\/v2\/product"}],"about":[{"href":"https:\/\/lubielegnice.pl\/index.php\/wp-json\/wp\/v2\/types\/product"}],"replies":[{"embeddable":true,"href":"https:\/\/lubielegnice.pl\/index.php\/wp-json\/wp\/v2\/comments?post=1538"}],"wp:featuredmedia":[{"embeddable":true,"href":"https:\/\/lubielegnice.pl\/index.php\/wp-json\/wp\/v2\/media\/1539"}],"wp:attachment":[{"href":"https:\/\/lubielegnice.pl\/index.php\/wp-json\/wp\/v2\/media?parent=1538"}],"wp:term":[{"taxonomy":"product_brand","embeddable":true,"href":"https:\/\/lubielegnice.pl\/index.php\/wp-json\/wp\/v2\/product_brand?post=1538"},{"taxonomy":"product_cat","embeddable":true,"href":"https:\/\/lubielegnice.pl\/index.php\/wp-json\/wp\/v2\/product_cat?post=1538"},{"taxonomy":"product_tag","embeddable":true,"href":"https:\/\/lubielegnice.pl\/index.php\/wp-json\/wp\/v2\/product_tag?post=1538"}],"curies":[{"name":"wp","href":"https:\/\/api.w.org\/{rel}","templated":true}]}}