{"id":1540,"date":"2026-02-24T15:15:07","date_gmt":"2026-02-24T14:15:07","guid":{"rendered":"https:\/\/lubielegnice.pl\/?post_type=product&#038;p=1540"},"modified":"2026-02-24T15:15:07","modified_gmt":"2026-02-24T14:15:07","slug":"kubek-fontanna-z-neptunem-legnica","status":"publish","type":"product","link":"https:\/\/lubielegnice.pl\/index.php\/product\/kubek-fontanna-z-neptunem-legnica\/","title":{"rendered":"Kubek Fontanna z Neptunem \u2013 Legnica"},"content":{"rendered":"<p data-start=\"969\" data-end=\"1215\">Minimalistyczna ilustracja przedstawiaj\u0105ca <strong data-start=\"1012\" data-end=\"1053\"><span class=\"hover:entity-accent entity-underline inline cursor-pointer align-baseline\"><span class=\"whitespace-normal\">Fontanna z Neptunem<\/span><\/span><\/strong> \u2013 jeden z najbardziej rozpoznawalnych punkt\u00f3w legnickiego rynku. Czysta, czarna linia oddaje klasyczn\u0105 form\u0119 rze\u017aby i fontanny w nowoczesnym, uproszczonym stylu.<\/p>\n<p data-start=\"1217\" data-end=\"1386\">Projekt \u0142\u0105czy historyczny klimat miasta z estetyk\u0105 wsp\u00f3\u0142czesnego designu. Brak t\u0142a sprawia, \u017ce nadruk wygl\u0105da estetycznie i profesjonalnie na ka\u017cdym kolorze powierzchni.<\/p>\n<p data-start=\"1388\" data-end=\"1407\"><strong data-start=\"1388\" data-end=\"1407\">Cechy produktu:<\/strong><\/p>\n<ul data-start=\"1408\" data-end=\"1538\">\n<li data-start=\"1408\" data-end=\"1437\">\n<p data-start=\"1410\" data-end=\"1437\">elegancka, czarna grafika<\/p>\n<\/li>\n<li data-start=\"1438\" data-end=\"1464\">\n<p data-start=\"1440\" data-end=\"1464\">symbol centrum Legnicy<\/p>\n<\/li>\n<li data-start=\"1465\" data-end=\"1490\">\n<p data-start=\"1467\" data-end=\"1490\">minimalistyczna forma<\/p>\n<\/li>\n<li data-start=\"1491\" data-end=\"1538\">\n<p data-start=\"1493\" data-end=\"1538\">idealna pod nadruk na kubkach i tekstyliach<\/p>\n<\/li>\n<\/ul>\n<p data-start=\"1540\" data-end=\"1620\">\u015awietny wyb\u00f3r dla os\u00f3b zwi\u0105zanych z rynkiem w Legnicy i klimatem starego miasta.<\/p>\n","protected":false},"excerpt":{"rendered":"<p>Minimalistyczna ilustracja przedstawiaj\u0105ca Fontanna z Neptunem \u2013 jeden z najbardziej rozpoznawalnych punkt\u00f3w legnickiego rynku. Czysta, czarna linia oddaje klasyczn\u0105 form\u0119 rze\u017aby i fontanny w nowoczesnym, uproszczonym stylu. Projekt \u0142\u0105czy historyczny<\/p>\n","protected":false},"featured_media":1541,"comment_status":"open","ping_status":"closed","template":"","meta":{"_eb_attr":""},"product_brand":[],"product_cat":[46],"product_tag":[],"class_list":{"0":"post-1540","1":"product","2":"type-product","3":"status-publish","4":"has-post-thumbnail","6":"product_cat-gadzety","8":"first","9":"instock","10":"shipping-taxable","11":"purchasable","12":"product-type-simple"},"_links":{"self":[{"href":"https:\/\/lubielegnice.pl\/index.php\/wp-json\/wp\/v2\/product\/1540","targetHints":{"allow":["GET"]}}],"collection":[{"href":"https:\/\/lubielegnice.pl\/index.php\/wp-json\/wp\/v2\/product"}],"about":[{"href":"https:\/\/lubielegnice.pl\/index.php\/wp-json\/wp\/v2\/types\/product"}],"replies":[{"embeddable":true,"href":"https:\/\/lubielegnice.pl\/index.php\/wp-json\/wp\/v2\/comments?post=1540"}],"wp:featuredmedia":[{"embeddable":true,"href":"https:\/\/lubielegnice.pl\/index.php\/wp-json\/wp\/v2\/media\/1541"}],"wp:attachment":[{"href":"https:\/\/lubielegnice.pl\/index.php\/wp-json\/wp\/v2\/media?parent=1540"}],"wp:term":[{"taxonomy":"product_brand","embeddable":true,"href":"https:\/\/lubielegnice.pl\/index.php\/wp-json\/wp\/v2\/product_brand?post=1540"},{"taxonomy":"product_cat","embeddable":true,"href":"https:\/\/lubielegnice.pl\/index.php\/wp-json\/wp\/v2\/product_cat?post=1540"},{"taxonomy":"product_tag","embeddable":true,"href":"https:\/\/lubielegnice.pl\/index.php\/wp-json\/wp\/v2\/product_tag?post=1540"}],"curies":[{"name":"wp","href":"https:\/\/api.w.org\/{rel}","templated":true}]}}